{"id":2,"date":"2019-01-27T20:14:26","date_gmt":"2019-01-27T19:14:26","guid":{"rendered":"http:\/\/pitagorasa.pl\/?page_id=2"},"modified":"2026-05-11T14:45:46","modified_gmt":"2026-05-11T12:45:46","slug":"przykladowa-strona","status":"publish","type":"page","link":"https:\/\/www.pitagorasa.pl\/index.php\/przykladowa-strona\/","title":{"rendered":"Po co jest ta strona"},"content":{"rendered":"\n<p>Nazywam si\u0119 Jacek Goszczy\u0144ski. Pitagorasa.pl to jedna z moich ulubionych, prowadzonych przeze mnie  stron WWW. Bardzo lubi\u0119 muzyk\u0119 i co by zapami\u0119ta\u0107 jakie przeboje s\u0142ucha\u0142em zapisuje je na pitagorasa.pl.<\/p>\n\n\n\n<p>Dlaczego pitagorasa.pl, bo jest to chwyt marketingowy, wszyscy musz\u0105 zna\u0107 twierdzenie Pitagorasa i wszyscy musz\u0105 zna\u0107 stron\u0119 pitagorasa.pl:<\/p>\n\n\n\n<p>TWIERDZENIE PITAGORASA: Suma kwadrat\u00f3w przyprostok\u0105tnych jest r\u00f3wna kwadratowi przeciwprostok\u0105tnej, tr\u00f3jk\u0105ta prostok\u0105tnego.<\/p>\n","protected":false},"excerpt":{"rendered":"<p>Nazywam si\u0119 Jacek Goszczy\u0144ski. Pitagorasa.pl to jedna z moich ulubionych, prowadzonych przeze mnie stron WWW. Bardzo lubi\u0119 muzyk\u0119 i co by zapami\u0119ta\u0107<\/p>\n<p class=\"link-more\"><a class=\"myButt \" href=\"https:\/\/www.pitagorasa.pl\/index.php\/przykladowa-strona\/\">Read More<\/a><\/p>\n","protected":false},"author":1,"featured_media":0,"parent":0,"menu_order":0,"comment_status":"closed","ping_status":"open","template":"","meta":{"footnotes":""},"class_list":["post-2","page","type-page","status-publish","hentry"],"_links":{"self":[{"href":"https:\/\/www.pitagorasa.pl\/index.php\/wp-json\/wp\/v2\/pages\/2","targetHints":{"allow":["GET"]}}],"collection":[{"href":"https:\/\/www.pitagorasa.pl\/index.php\/wp-json\/wp\/v2\/pages"}],"about":[{"href":"https:\/\/www.pitagorasa.pl\/index.php\/wp-json\/wp\/v2\/types\/page"}],"author":[{"embeddable":true,"href":"https:\/\/www.pitagorasa.pl\/index.php\/wp-json\/wp\/v2\/users\/1"}],"replies":[{"embeddable":true,"href":"https:\/\/www.pitagorasa.pl\/index.php\/wp-json\/wp\/v2\/comments?post=2"}],"version-history":[{"count":4,"href":"https:\/\/www.pitagorasa.pl\/index.php\/wp-json\/wp\/v2\/pages\/2\/revisions"}],"predecessor-version":[{"id":2896,"href":"https:\/\/www.pitagorasa.pl\/index.php\/wp-json\/wp\/v2\/pages\/2\/revisions\/2896"}],"wp:attachment":[{"href":"https:\/\/www.pitagorasa.pl\/index.php\/wp-json\/wp\/v2\/media?parent=2"}],"curies":[{"name":"wp","href":"https:\/\/api.w.org\/{rel}","templated":true}]}}